{"id":379,"date":"2021-03-10T10:51:10","date_gmt":"2021-03-10T10:51:10","guid":{"rendered":"http:\/\/penwin.org\/?page_id=379"},"modified":"2022-02-01T09:23:05","modified_gmt":"2022-02-01T09:23:05","slug":"aula-digital","status":"publish","type":"page","link":"https:\/\/penwin.org\/index.php\/servicios\/aula-digital\/","title":{"rendered":"Aula digital"},"content":{"rendered":"<p>[vc_row css_animation=\u00bb\u00bb row_type=\u00bbrow\u00bb use_row_as_full_screen_section=\u00bbno\u00bb type=\u00bbgrid\u00bb angled_section=\u00bbno\u00bb text_align=\u00bbleft\u00bb background_image_as_pattern=\u00bbwithout_pattern\u00bb z_index=\u00bb\u00bb padding_top=\u00bb96&#8243; background_color=\u00bb#ffffff\u00bb padding_bottom=\u00bb96&#8243;][vc_column][qode_elements_holder number_of_columns=\u00bbone_column\u00bb][qode_elements_holder_item vertical_alignment=\u00bbtop\u00bb horizontal_alignment=\u00bbleft\u00bb advanced_animations=\u00bbno\u00bb item_padding=\u00bb0 16%\u00bb item_padding_768_1024=\u00bb0 0 0 0&#8243; item_padding_600_768=\u00bb0 0 0 0&#8243; item_padding_480_600=\u00bb0 0 0 0&#8243; item_padding_480=\u00bb0 0 0 0&#8243;][vc_column_text]<\/p>\n<h5><span style=\"color: #3f98ee;\">Aula digital<\/span><\/h5>\n<p>[\/vc_column_text][vc_empty_space height=\u00bb24px\u00bb][vc_column_text]<\/p>\n<div class=\"wpb_text_column wpb_content_element \">\n<div class=\"wpb_wrapper\">\n<h1>Adaptamos las aulas y las preparamos parar afrontar los retos del futuro. Integramos pantalla interactiva y retransmisi\u00f3n de clases en una soluci\u00f3n cerrada y muy competitiva.<\/h1>\n<\/div>\n<\/div>\n<p>[\/vc_column_text][vc_empty_space height=\u00bb48px\u00bb]<div class=\"q_icon_list\"><span aria-hidden=\"true\" class=\"qode_icon_font_elegant arrow_right qode-ili-icon-holder circle\" style=\"color: #3f98ee;background-color: #ffffff;border-color:#ffffff;border-style:solid;border-width:1px;\" ><\/span><p style=\"color:#827f7e;font-size: 18px;margin-bottom: 0px;\">Te garantizamos el mejor precio del mercado.<\/p><\/div><div class=\"q_icon_list\"><span aria-hidden=\"true\" class=\"qode_icon_font_elegant arrow_right qode-ili-icon-holder circle\" style=\"color: #3f98ee;background-color: #ffffff;border-color:#ffffff;border-style:solid;border-width:1px;\" ><\/span><p style=\"color:#827f7e;font-size: 18px;margin-bottom: 0px;\">L\u00edderes en el sector de la distribuci\u00f3n mayorista de pantallas interactivas para el mundo educativo.<\/p><\/div><div class=\"q_icon_list\"><span aria-hidden=\"true\" class=\"qode_icon_font_elegant arrow_right qode-ili-icon-holder circle\" style=\"color: #3f98ee;background-color: #ffffff;border-color:#ffffff;border-style:solid;border-width:1px;\" ><\/span><p style=\"color:#827f7e;font-size: 18px;margin-bottom: 0px;\">Conocemos profundamente las necesidades de las escuelas y centros educativos. Por ello ofrecemos aulas virtuales adaptadas a las necesidades de cada centro.<\/p><\/div><div class=\"q_icon_list\"><span aria-hidden=\"true\" class=\"qode_icon_font_elegant arrow_right qode-ili-icon-holder circle\" style=\"color: #3f98ee;background-color: #ffffff;border-color:#ffffff;border-style:solid;border-width:1px;\" ><\/span><p style=\"color:#827f7e;font-size: 18px;margin-bottom: 0px;\">Servicio 360\u00ba. Nos encargamos de la instalaci\u00f3n, el mantenimiento y el servicio postventa para que tu aula digital est\u00e9 siempre al d\u00eda.<\/p><\/div>[\/qode_elements_holder_item][\/qode_elements_holder][\/vc_column][\/vc_row][vc_row css_animation=\u00bb\u00bb row_type=\u00bbrow\u00bb use_row_as_full_screen_section=\u00bbno\u00bb type=\u00bbgrid\u00bb angled_section=\u00bbno\u00bb text_align=\u00bbleft\u00bb background_image_as_pattern=\u00bbwithout_pattern\u00bb background_image=\u00bb515&#8243; z_index=\u00bb\u00bb][vc_column][vc_empty_space height=\u00bb96px\u00bb][qode_elements_holder number_of_columns=\u00bbthree_columns\u00bb][qode_elements_holder_item advanced_animations=\u00bbno\u00bb item_padding=\u00bb0 6%\u00bb]<div class='q_icon_with_title small normal_icon center qode-iwt-content-alignment-left '><div class=\"icon_holder \" style=\" \"><span data-icon-type=\"normal\"   style=\"\" class=\"qode_iwt_icon_holder q_font_awsome_icon fa-2x  \"><i class=\"qodef-icon-linea-icon icon-basic-webpage-multiple qode_iwt_icon_element\" style=\"color: #3f98ee;\" ><\/i><\/span><\/div><div class=\"icon_text_holder\" style=\"\"><div class=\"icon_text_inner\" style=\"\"><h5 class=\"icon_title\" style=\"color: #ffffff;font-weight: 400;\">Aula Digital + Retransmisi\u00f3n<\/h5><p style='color: #dbdbdb'>Aula digital especialmente dise\u00f1ada para que puedas retransmitir las clases a trav\u00e9s de streaming e interactuar con los alumnos en directo.<\/p><\/div><\/div><\/div>[vc_empty_space height=\u00bb16px\u00bb][\/qode_elements_holder_item][qode_elements_holder_item vertical_alignment=\u00bbtop\u00bb horizontal_alignment=\u00bbleft\u00bb advanced_animations=\u00bbno\u00bb item_padding=\u00bb0 6%\u00bb]<div class='q_icon_with_title small normal_icon center qode-iwt-content-alignment-left '><div class=\"icon_holder \" style=\" \"><span data-icon-type=\"normal\"   style=\"\" class=\"qode_iwt_icon_holder q_font_awsome_icon fa-2x  \"><i class=\"qodef-icon-linea-icon icon-basic-laptop qode_iwt_icon_element\" style=\"color: #3f98ee;\" ><\/i><\/span><\/div><div class=\"icon_text_holder\" style=\"\"><div class=\"icon_text_inner\" style=\"\"><h5 class=\"icon_title\" style=\"color: #ffffff;font-weight: 400;\">Aula Digital<\/h5><p style='color: #dbdbdb'>Aula digital dise\u00f1ada para afrontar los retos que nos proponen los nuevos modelos educativos.<\/p><\/div><\/div><\/div>[vc_empty_space height=\u00bb16px\u00bb][\/qode_elements_holder_item][qode_elements_holder_item vertical_alignment=\u00bbtop\u00bb horizontal_alignment=\u00bbleft\u00bb advanced_animations=\u00bbno\u00bb item_padding=\u00bb0 6%\u00bb]<div class='q_icon_with_title small normal_icon center qode-iwt-content-alignment-left '><div class=\"icon_holder \" style=\" \"><span data-icon-type=\"normal\"   style=\"\" class=\"qode_iwt_icon_holder q_font_awsome_icon fa-2x  \"><i class=\"qodef-icon-linea-icon icon-basic-display qode_iwt_icon_element\" style=\"color: #3f98ee;\" ><\/i><\/span><\/div><div class=\"icon_text_holder\" style=\"\"><div class=\"icon_text_inner\" style=\"\"><h5 class=\"icon_title\" style=\"color: #ffffff;font-weight: 400;\">Pantalla Digital<\/h5><p style='color: #dbdbdb'>Pantalla interactiva de 65 o 75 pulgadas, con la tecnolog\u00eda m\u00e1s puntera.<\/p><\/div><\/div><\/div>[vc_empty_space height=\u00bb16px\u00bb][\/qode_elements_holder_item][\/qode_elements_holder][vc_empty_space height=\u00bb96px\u00bb][\/vc_column][\/vc_row][vc_row css_animation=\u00bb\u00bb row_type=\u00bbrow\u00bb use_row_as_full_screen_section=\u00bbno\u00bb type=\u00bbgrid\u00bb angled_section=\u00bbno\u00bb text_align=\u00bbleft\u00bb background_image_as_pattern=\u00bbwithout_pattern\u00bb z_index=\u00bb\u00bb background_color=\u00bb#3f98ee\u00bb padding_top=\u00bb116&#8243;][vc_column][qode_elements_holder number_of_columns=\u00bbtwo_columns\u00bb columns_proportion=\u00bb66_33&#8243; alignment_one_column=\u00bbleft\u00bb][qode_elements_holder_item advanced_animations=\u00bbno\u00bb item_padding=\u00bb0&#8243;][vc_column_text]<\/p>\n<h5><span style=\"color: #ffffff;\">Contacto<\/span><\/h5>\n<p>[\/vc_column_text][vc_column_text]<\/p>\n<h3>Queremos crecer contigo<\/h3>\n<p>[\/vc_column_text][vc_empty_space height=\u00bb24px\u00bb][\/qode_elements_holder_item][qode_elements_holder_item vertical_alignment=\u00bbmiddle\u00bb horizontal_alignment=\u00bbright\u00bb advanced_animations=\u00bbno\u00bb item_padding=\u00bb0&#8243;]<span class='q_social_icon_holder normal_social' data-color=#000000 data-hover-color=#ffffff><a itemprop='url' href='https:\/\/www.linkedin.com\/company\/penwinedu' target='_blank'><i class=\"qode_icon_font_awesome fa fa-linkedin  simple_social\" style=\"color: #000000;margin: 0 10px;font-size: 32px;\" ><\/i><\/a><\/span><span class='q_social_icon_holder normal_social' data-color=#000000 data-hover-color=#ffffff><a itemprop='url' href='https:\/\/www.instagram.com\/penwinedu\/' target='_blank'><i class=\"qode_icon_font_awesome fa fa-instagram  simple_social\" style=\"color: #000000;margin: 0 10px;font-size: 32px;\" ><\/i><\/a><\/span><span class='q_social_icon_holder normal_social' data-color=#000000 data-hover-color=#ffffff><a itemprop='url' href='https:\/\/twitter.com\/PenwinEdu' target='_blank'><i class=\"qode_icon_font_awesome fa fa-twitter  simple_social\" style=\"color: #000000;margin: 0 10px;font-size: 32px;\" ><\/i><\/a><\/span><span class='q_social_icon_holder normal_social' data-color=#000000 data-hover-color=#ffffff><a itemprop='url' href='https:\/\/www.youtube.com\/channel\/UCYY6hfEunEXoSQKIbkKyW7A' target='_blank'><i class=\"qode_icon_font_awesome fa fa-youtube  simple_social\" style=\"color: #000000;margin: 0 10px;font-size: 32px;\" ><\/i><\/a><\/span>[\/qode_elements_holder_item][\/qode_elements_holder][vc_empty_space height=\u00bb48px\u00bb][qode_elements_holder number_of_columns=\u00bbtwo_columns\u00bb columns_proportion=\u00bb66_33&#8243; switch_to_one_column=\u00bb768&#8243;][qode_elements_holder_item vertical_alignment=\u00bbbottom\u00bb advanced_animations=\u00bbno\u00bb item_padding=\u00bb0&#8243; item_padding_480=\u00bb0&#8243;]<div role=\"form\" class=\"wpcf7\" id=\"wpcf7-f20-o1\" lang=\"es-ES\" dir=\"ltr\">\n<div class=\"screen-reader-response\"><p role=\"status\" aria-live=\"polite\" aria-atomic=\"true\"><\/p> <ul><\/ul><\/div>\n<form action=\"\/index.php\/wp-json\/wp\/v2\/pages\/379#wpcf7-f20-o1\" method=\"post\" class=\"wpcf7-form init cf7_custom_style_1\" novalidate=\"novalidate\" data-status=\"init\">\n<div style=\"display: none;\">\n<input type=\"hidden\" name=\"_wpcf7\" value=\"20\" \/>\n<input type=\"hidden\" name=\"_wpcf7_version\" value=\"5.5.6.1\" \/>\n<input type=\"hidden\" name=\"_wpcf7_locale\" value=\"es_ES\" \/>\n<input type=\"hidden\" name=\"_wpcf7_unit_tag\" value=\"wpcf7-f20-o1\" \/>\n<input type=\"hidden\" name=\"_wpcf7_container_post\" value=\"0\" \/>\n<input type=\"hidden\" name=\"_wpcf7_posted_data_hash\" value=\"\" \/>\n<\/div>\n<p><label style=\"color:#000000;\">Nombre<br \/>\n    <span class=\"wpcf7-form-control-wrap nombre\"><input type=\"text\" name=\"nombre\" value=\"\" size=\"40\" class=\"wpcf7-form-control wpcf7-text wpcf7-validates-as-required\" aria-required=\"true\" aria-invalid=\"false\" \/><\/span> <\/label><\/p>\n<p><label style=\"color:#000000;\">Correo electr\u00f3nico<br \/>\n    <span class=\"wpcf7-form-control-wrap correo\"><input type=\"email\" name=\"correo\" value=\"\" size=\"40\" class=\"wpcf7-form-control wpcf7-text wpcf7-email wpcf7-validates-as-required wpcf7-validates-as-email\" aria-required=\"true\" aria-invalid=\"false\" \/><\/span> <\/label><\/p>\n<p><label style=\"color:#000000;\">Asunto<br \/>\n    <span class=\"wpcf7-form-control-wrap asunto\"><input type=\"text\" name=\"asunto\" value=\"\" size=\"40\" class=\"wpcf7-form-control wpcf7-text wpcf7-validates-as-required\" aria-required=\"true\" aria-invalid=\"false\" \/><\/span> <\/label><\/p>\n<p><label style=\"color:#000000;\">Mensaje (opcional)<br \/>\n    <span class=\"wpcf7-form-control-wrap mensaje\"><textarea name=\"mensaje\" cols=\"40\" rows=\"10\" class=\"wpcf7-form-control wpcf7-textarea wpcf7-validates-as-required\" aria-required=\"true\" aria-invalid=\"false\"><\/textarea><\/span> <\/label><\/p>\n<p><label style=\"color:#000000;\"><span class=\"wpcf7-form-control-wrap privacidad\"><span class=\"wpcf7-form-control wpcf7-acceptance\"><span class=\"wpcf7-list-item\"><label><input type=\"checkbox\" name=\"privacidad\" value=\"1\" aria-invalid=\"false\" \/><span class=\"wpcf7-list-item-label\">He le\u00eddo y acepto la <a href=\"https:\/\/penwin.org\/index.php\/politica-de-privacidad\/ target=\"_blank\" style=\"border-bottom: 1px solid #000000; color: #000000;\">pol\u00edtica de privacidad<\/a><\/span><\/label><\/span><\/span><\/span><\/label><\/p>\n<p><input type=\"submit\" value=\"Enviar\" class=\"wpcf7-form-control has-spinner wpcf7-submit\" \/><\/p>\n<div class=\"wpcf7-response-output\" aria-hidden=\"true\"><\/div><\/form><\/div>[\/qode_elements_holder_item][qode_elements_holder_item vertical_alignment=\u00bbbottom\u00bb advanced_animations=\u00bbno\u00bb item_padding=\u00bb0 16%\u00bb item_padding_480=\u00bb0 1%\u00bb item_padding_600_768=\u00bb0 1%\u00bb item_padding_480_600=\u00bb0 1%\u00bb item_padding_1280_1440=\u00bb0 12%\u00bb item_padding_1024_1280=\u00bb0 8%\u00bb item_padding_768_1024=\u00bb0 8%\u00bb]<div class='q_icon_with_title large custom_icon_image left_from_title '><div class=\"icon_text_holder\" style=\"\"><div class=\"icon_text_inner\" style=\"\"><div class=\"icon_title_holder\"><div class=\"icon_holder \" style=\" \"><img itemprop=\"image\" style=\"\" src=\"https:\/\/penwin.org\/wp-content\/uploads\/2021\/01\/Rocket_penwin.png\" alt=\"\"><\/div><h5 class=\"icon_title\" style=\"\"><\/h5><\/div><p style=''><\/p><\/div><\/div><\/div>[vc_column_text]<\/p>\n<h5><span style=\"color: #ffffff;\">Nos encontrar\u00e1s en<\/span><\/h5>\n<p>[\/vc_column_text][vc_column_text]<span style=\"color: #000000;\">Benet Cortada, 14<\/span><br \/>\n<span style=\"color: #000000;\">08174 Sant Cugat del Vall\u00e8s<\/span><br \/>\n<span style=\"color: #000000;\">Barcelona<\/span>[\/vc_column_text]<span data-type=\"normal\" data-hover-icon-color=\"#000000\" class=\"qode_icon_shortcode  q_font_awsome_icon fa-lg pull-left \" style=\"margin: 14px 8px 8px 0px; \"><a  itemprop=\"url\" href=\"mailto:info@penwin.org\" target=\"_self\"><span aria-hidden=\"true\" class=\"qode_icon_font_elegant icon_mail_alt qode_icon_element\" style=\"font-size: 18px;color: #ffffff;\" ><\/span><\/a><\/span>[vc_column_text]<span style=\"color: #000000;\">info@penwin.org<\/span>[\/vc_column_text][vc_empty_space height=\u00bb16px\u00bb][vc_separator type=\u00bbnormal\u00bb color=\u00bb#000000&#8243;][vc_empty_space height=\u00bb16px\u00bb][vc_column_text]<\/p>\n<h6><span style=\"color: #ffffff;\">Delegaci\u00f3n Madrid<\/span><\/h6>\n<p><span style=\"color: #000000;\">Av. de los Poblados, 151<\/span><br \/>\n<span style=\"color: #000000;\">28025 Madrid<\/span>[\/vc_column_text][vc_empty_space height=\u00bb16px\u00bb][vc_column_text]<\/p>\n<h6><span style=\"color: #ffffff;\">Delegaci\u00f3n Andaluc\u00eda<\/span><\/h6>\n<p><span style=\"color: #000000;\">Almagro, 14<\/span><br \/>\n<span style=\"color: #000000;\">23002 Ja\u00e9n<\/span>[\/vc_column_text][vc_empty_space height=\u00bb40px\u00bb][\/qode_elements_holder_item][\/qode_elements_holder][\/vc_column][\/vc_row][vc_row css_animation=\u00bb\u00bb row_type=\u00bbrow\u00bb use_row_as_full_screen_section=\u00bbno\u00bb type=\u00bbfull_width\u00bb angled_section=\u00bbno\u00bb text_align=\u00bbleft\u00bb background_image_as_pattern=\u00bbwithout_pattern\u00bb z_index=\u00bb\u00bb background_color=\u00bb#3f98ee\u00bb padding_top=\u00bb116&#8243; padding_bottom=\u00bb0&#8243;][vc_column][qode_elements_holder number_of_columns=\u00bbone_column\u00bb][qode_elements_holder_item cover=\u00bbyes\u00bb advanced_animations=\u00bbno\u00bb background_image=\u00bb268&#8243;][vc_empty_space height=\u00bb458px\u00bb][\/qode_elements_holder_item][\/qode_elements_holder][\/vc_column][\/vc_row]<\/p>\n","protected":false},"excerpt":{"rendered":"<p>[vc_row css_animation=\u00bb\u00bb row_type=\u00bbrow\u00bb use_row_as_full_screen_section=\u00bbno\u00bb type=\u00bbgrid\u00bb angled_section=\u00bbno\u00bb text_align=\u00bbleft\u00bb background_image_as_pattern=\u00bbwithout_pattern\u00bb z_index=\u00bb\u00bb padding_top=\u00bb96&#8243; background_color=\u00bb#ffffff\u00bb padding_bottom=\u00bb96&#8243;][vc_column][qode_elements_holder number_of_columns=\u00bbone_column\u00bb][qode_elements_holder_item vertical_alignment=\u00bbtop\u00bb horizontal_alignment=\u00bbleft\u00bb advanced_animations=\u00bbno\u00bb item_padding=\u00bb0 16%\u00bb item_padding_768_1024=\u00bb0 0 0 0&#8243; item_padding_600_768=\u00bb0 0 0 0&#8243; item_padding_480_600=\u00bb0 0 0 0&#8243; item_padding_480=\u00bb0 0 0 0&#8243;][vc_column_text] Aula digital [\/vc_column_text][vc_empty_space height=\u00bb24px\u00bb][vc_column_text] Adaptamos las aulas y las preparamos parar&#8230;<\/p>\n","protected":false},"author":1,"featured_media":0,"parent":275,"menu_order":0,"comment_status":"closed","ping_status":"closed","template":"full_width.php","meta":[],"_links":{"self":[{"href":"https:\/\/penwin.org\/index.php\/wp-json\/wp\/v2\/pages\/379"}],"collection":[{"href":"https:\/\/penwin.org\/index.php\/wp-json\/wp\/v2\/pages"}],"about":[{"href":"https:\/\/penwin.org\/index.php\/wp-json\/wp\/v2\/types\/page"}],"author":[{"embeddable":true,"href":"https:\/\/penwin.org\/index.php\/wp-json\/wp\/v2\/users\/1"}],"replies":[{"embeddable":true,"href":"https:\/\/penwin.org\/index.php\/wp-json\/wp\/v2\/comments?post=379"}],"version-history":[{"count":32,"href":"https:\/\/penwin.org\/index.php\/wp-json\/wp\/v2\/pages\/379\/revisions"}],"predecessor-version":[{"id":586,"href":"https:\/\/penwin.org\/index.php\/wp-json\/wp\/v2\/pages\/379\/revisions\/586"}],"up":[{"embeddable":true,"href":"https:\/\/penwin.org\/index.php\/wp-json\/wp\/v2\/pages\/275"}],"wp:attachment":[{"href":"https:\/\/penwin.org\/index.php\/wp-json\/wp\/v2\/media?parent=379"}],"curies":[{"name":"wp","href":"https:\/\/api.w.org\/{rel}","templated":true}]}}